{"id":13234,"date":"2026-01-27T17:50:55","date_gmt":"2026-01-27T16:50:55","guid":{"rendered":"https:\/\/www.vivi.it\/compra\/?post_type=product&#038;p=13234"},"modified":"2026-02-11T16:25:36","modified_gmt":"2026-02-11T15:25:36","slug":"san-valentino-navona","status":"publish","type":"product","link":"https:\/\/www.vivi.it\/compra\/product\/san-valentino-navona\/","title":{"rendered":"Cena di San Valentino da ViVi &#8211; Piazza Navona (per coppia)"},"content":{"rendered":"","protected":false},"excerpt":{"rendered":"<p><strong>Sei pronto a festeggiare San Valentino con ViVi?<\/strong><\/p>\n<p>Ci sono serate che chiedono solo tempo, luce soffusa e qualcosa di buono da condividere. Quest\u2019anno San Valentino si festeggia con una cena intima e a lume di candela da VIVI &#8211; Piazza Navona.<\/p>\n<p>Per la serata \u00e8 previsto\u00a0<strong>il men\u00f9 alla carta<\/strong> con la possibilit\u00e0 di aggiungere <strong>un dolce speciale pensato per due. <\/strong><\/p>\n<p>Il Dolce Segreto \u00e8 una mousse al cioccolato fondente con cuore di pere e rum, glassa al cacao e frolla al cacao, accanto a un secondo cuore di mousse bianca aromatizzata all\u2019arachide, con cremoso al caramello e arachidi. Alla base, un croccante di cioccolato al latte, arachidi e cereali. <strong>Un dolce da dividere, come le cose pi\u00f9 belle.<\/strong><\/p>\n<p><strong>Dove:<\/strong> VIVI &#8211; Piazza Navona<br \/>\n<strong>Quando:<\/strong> Sabato 14 Febbraio, dalle ore 20<\/p>\n<h4><strong>Cambia Location<\/strong><\/h4>\n<ul>\n<li><a href=\"https:\/\/www.vivi.it\/compra\/product\/san-valentino-le-serre\/\">ViVi &#8211; Le Serre<\/a><\/li>\n<\/ul>\n","protected":false},"featured_media":13246,"comment_status":"open","ping_status":"closed","template":"","meta":{"_acf_changed":false},"product_brand":[],"product_cat":[505],"product_tag":[],"class_list":{"0":"post-13234","1":"product","2":"type-product","3":"status-publish","4":"has-post-thumbnail","6":"product_cat-eventi","8":"first","9":"outofstock","10":"taxable","11":"shipping-taxable","12":"purchasable","13":"product-type-simple"},"atum_controlled":true,"out_stock_date":"2026-02-11 16:25:36","out_stock_threshold":null,"inheritable":false,"stock_on_hold":0,"sold_today":0,"sales_last_days":0,"out_stock_days":82,"lost_sales":7028,"update_date":"2026-05-05T00:00:54","atum_locations":[],"atum_stock_status":"outofstock","restock_status":false,"low_stock_amount":"","sales_update_date":"2026-05-05T00:00:54","calc_backorders":null,"acf":[],"yoast_head":"<!-- This site is optimized with the Yoast SEO plugin v27.5 - https:\/\/yoast.com\/product\/yoast-seo-wordpress\/ -->\n<title>Cena di San Valentino da ViVi - Piazza Navona (per coppia) &#8226; Vivi Bistrot<\/title>\n<meta name=\"robots\" content=\"index, follow, max-snippet:-1, max-image-preview:large, max-video-preview:-1\" \/>\n<link rel=\"canonical\" href=\"https:\/\/www.vivi.it\/compra\/product\/san-valentino-navona\/\" \/>\n<meta property=\"og:locale\" content=\"it_IT\" \/>\n<meta property=\"og:type\" content=\"article\" \/>\n<meta property=\"og:title\" content=\"Cena di San Valentino da ViVi - Piazza Navona (per coppia) &#8226; Vivi Bistrot\" \/>\n<meta property=\"og:description\" content=\"Sei pronto a festeggiare San Valentino con ViVi?  Ci sono serate che chiedono solo tempo, luce soffusa e qualcosa di buono da condividere. Quest\u2019anno San Valentino si festeggia con una cena intima e a lume di candela da VIVI - Piazza Navona.  Per la serata \u00e8 previsto\u00a0il men\u00f9 alla carta con la possibilit\u00e0 di aggiungere un dolce speciale pensato per due.   Il Dolce Segreto \u00e8 una mousse al cioccolato fondente con cuore di pere e rum, glassa al cacao e frolla al cacao, accanto a un secondo cuore di mousse bianca aromatizzata all\u2019arachide, con cremoso al caramello e arachidi. Alla base, un croccante di cioccolato al latte, arachidi e cereali. Un dolce da dividere, come le cose pi\u00f9 belle.  Dove: VIVI - Piazza Navona Quando: Sabato 14 Febbraio, dalle ore 20 Cambia Location   ViVi - Le Serre\" \/>\n<meta property=\"og:url\" content=\"https:\/\/www.vivi.it\/compra\/product\/san-valentino-navona\/\" \/>\n<meta property=\"og:site_name\" content=\"Vivi Bistrot\" \/>\n<meta property=\"article:publisher\" content=\"https:\/\/www.facebook.com\/vivibistrot\/\" \/>\n<meta property=\"article:modified_time\" content=\"2026-02-11T15:25:36+00:00\" \/>\n<meta property=\"og:image\" content=\"https:\/\/www.vivi.it\/compra\/wp-content\/uploads\/2026\/01\/San-Valentino-copia-2-scaled.png\" \/>\n\t<meta property=\"og:image:width\" content=\"1018\" \/>\n\t<meta property=\"og:image:height\" content=\"1440\" \/>\n\t<meta property=\"og:image:type\" content=\"image\/png\" \/>\n<meta name=\"twitter:card\" content=\"summary_large_image\" \/>\n<meta name=\"twitter:site\" content=\"@vivibistrot\" \/>\n<meta name=\"twitter:label1\" content=\"Tempo di lettura stimato\" \/>\n\t<meta name=\"twitter:data1\" content=\"1 minuto\" \/>\n<script type=\"application\/ld+json\" class=\"yoast-schema-graph\">{\"@context\":\"https:\\\/\\\/schema.org\",\"@graph\":[{\"@type\":\"WebPage\",\"@id\":\"https:\\\/\\\/www.vivi.it\\\/compra\\\/product\\\/san-valentino-navona\\\/\",\"url\":\"https:\\\/\\\/www.vivi.it\\\/compra\\\/product\\\/san-valentino-navona\\\/\",\"name\":\"Cena di San Valentino da ViVi - Piazza Navona (per coppia) &#8226; Vivi Bistrot\",\"isPartOf\":{\"@id\":\"https:\\\/\\\/www.vivi.it\\\/compra\\\/#website\"},\"primaryImageOfPage\":{\"@id\":\"https:\\\/\\\/www.vivi.it\\\/compra\\\/product\\\/san-valentino-navona\\\/#primaryimage\"},\"image\":{\"@id\":\"https:\\\/\\\/www.vivi.it\\\/compra\\\/product\\\/san-valentino-navona\\\/#primaryimage\"},\"thumbnailUrl\":\"https:\\\/\\\/www.vivi.it\\\/compra\\\/wp-content\\\/uploads\\\/2026\\\/01\\\/San-Valentino-copia-2-scaled.png\",\"datePublished\":\"2026-01-27T16:50:55+00:00\",\"dateModified\":\"2026-02-11T15:25:36+00:00\",\"breadcrumb\":{\"@id\":\"https:\\\/\\\/www.vivi.it\\\/compra\\\/product\\\/san-valentino-navona\\\/#breadcrumb\"},\"inLanguage\":\"it-IT\",\"potentialAction\":[{\"@type\":\"ReadAction\",\"target\":[\"https:\\\/\\\/www.vivi.it\\\/compra\\\/product\\\/san-valentino-navona\\\/\"]}]},{\"@type\":\"ImageObject\",\"inLanguage\":\"it-IT\",\"@id\":\"https:\\\/\\\/www.vivi.it\\\/compra\\\/product\\\/san-valentino-navona\\\/#primaryimage\",\"url\":\"https:\\\/\\\/www.vivi.it\\\/compra\\\/wp-content\\\/uploads\\\/2026\\\/01\\\/San-Valentino-copia-2-scaled.png\",\"contentUrl\":\"https:\\\/\\\/www.vivi.it\\\/compra\\\/wp-content\\\/uploads\\\/2026\\\/01\\\/San-Valentino-copia-2-scaled.png\",\"width\":1018,\"height\":1440},{\"@type\":\"BreadcrumbList\",\"@id\":\"https:\\\/\\\/www.vivi.it\\\/compra\\\/product\\\/san-valentino-navona\\\/#breadcrumb\",\"itemListElement\":[{\"@type\":\"ListItem\",\"position\":1,\"name\":\"Home\",\"item\":\"https:\\\/\\\/www.vivi.it\\\/compra\\\/\"},{\"@type\":\"ListItem\",\"position\":2,\"name\":\"Shopping\",\"item\":\"https:\\\/\\\/www.vivi.it\\\/compra\\\/shopping\\\/\"},{\"@type\":\"ListItem\",\"position\":3,\"name\":\"Cena di San Valentino da ViVi &#8211; Piazza Navona (per coppia)\"}]},{\"@type\":\"WebSite\",\"@id\":\"https:\\\/\\\/www.vivi.it\\\/compra\\\/#website\",\"url\":\"https:\\\/\\\/www.vivi.it\\\/compra\\\/\",\"name\":\"Vivi Bistrot\",\"description\":\"Bio Addicted\",\"publisher\":{\"@id\":\"https:\\\/\\\/www.vivi.it\\\/compra\\\/#organization\"},\"potentialAction\":[{\"@type\":\"SearchAction\",\"target\":{\"@type\":\"EntryPoint\",\"urlTemplate\":\"https:\\\/\\\/www.vivi.it\\\/compra\\\/?s={search_term_string}\"},\"query-input\":{\"@type\":\"PropertyValueSpecification\",\"valueRequired\":true,\"valueName\":\"search_term_string\"}}],\"inLanguage\":\"it-IT\"},{\"@type\":\"Organization\",\"@id\":\"https:\\\/\\\/www.vivi.it\\\/compra\\\/#organization\",\"name\":\"Vivi Bistrot\",\"url\":\"https:\\\/\\\/www.vivi.it\\\/compra\\\/\",\"logo\":{\"@type\":\"ImageObject\",\"inLanguage\":\"it-IT\",\"@id\":\"https:\\\/\\\/www.vivi.it\\\/compra\\\/#\\\/schema\\\/logo\\\/image\\\/\",\"url\":\"https:\\\/\\\/www.vivi.it\\\/compra\\\/wp-content\\\/uploads\\\/2017\\\/01\\\/vivibistrot-logo-website.png\",\"contentUrl\":\"https:\\\/\\\/www.vivi.it\\\/compra\\\/wp-content\\\/uploads\\\/2017\\\/01\\\/vivibistrot-logo-website.png\",\"width\":250,\"height\":216,\"caption\":\"Vivi Bistrot\"},\"image\":{\"@id\":\"https:\\\/\\\/www.vivi.it\\\/compra\\\/#\\\/schema\\\/logo\\\/image\\\/\"},\"sameAs\":[\"https:\\\/\\\/www.facebook.com\\\/vivibistrot\\\/\",\"https:\\\/\\\/x.com\\\/vivibistrot\",\"https:\\\/\\\/www.instagram.com\\\/vivibistrot\\\/\",\"https:\\\/\\\/www.linkedin.com\\\/company\\\/vivibistrot?trk=ppro_cprof\"]}]}<\/script>\n<!-- \/ Yoast SEO plugin. -->","yoast_head_json":{"title":"Cena di San Valentino da ViVi - Piazza Navona (per coppia) &#8226; Vivi Bistrot","robots":{"index":"index","follow":"follow","max-snippet":"max-snippet:-1","max-image-preview":"max-image-preview:large","max-video-preview":"max-video-preview:-1"},"canonical":"https:\/\/www.vivi.it\/compra\/product\/san-valentino-navona\/","og_locale":"it_IT","og_type":"article","og_title":"Cena di San Valentino da ViVi - Piazza Navona (per coppia) &#8226; Vivi Bistrot","og_description":"Sei pronto a festeggiare San Valentino con ViVi?  Ci sono serate che chiedono solo tempo, luce soffusa e qualcosa di buono da condividere. Quest\u2019anno San Valentino si festeggia con una cena intima e a lume di candela da VIVI - Piazza Navona.  Per la serata \u00e8 previsto\u00a0il men\u00f9 alla carta con la possibilit\u00e0 di aggiungere un dolce speciale pensato per due.   Il Dolce Segreto \u00e8 una mousse al cioccolato fondente con cuore di pere e rum, glassa al cacao e frolla al cacao, accanto a un secondo cuore di mousse bianca aromatizzata all\u2019arachide, con cremoso al caramello e arachidi. Alla base, un croccante di cioccolato al latte, arachidi e cereali. Un dolce da dividere, come le cose pi\u00f9 belle.  Dove: VIVI - Piazza Navona Quando: Sabato 14 Febbraio, dalle ore 20 Cambia Location   ViVi - Le Serre","og_url":"https:\/\/www.vivi.it\/compra\/product\/san-valentino-navona\/","og_site_name":"Vivi Bistrot","article_publisher":"https:\/\/www.facebook.com\/vivibistrot\/","article_modified_time":"2026-02-11T15:25:36+00:00","og_image":[{"width":1018,"height":1440,"url":"https:\/\/www.vivi.it\/compra\/wp-content\/uploads\/2026\/01\/San-Valentino-copia-2-scaled.png","type":"image\/png"}],"twitter_card":"summary_large_image","twitter_site":"@vivibistrot","twitter_misc":{"Tempo di lettura stimato":"1 minuto"},"schema":{"@context":"https:\/\/schema.org","@graph":[{"@type":"WebPage","@id":"https:\/\/www.vivi.it\/compra\/product\/san-valentino-navona\/","url":"https:\/\/www.vivi.it\/compra\/product\/san-valentino-navona\/","name":"Cena di San Valentino da ViVi - Piazza Navona (per coppia) &#8226; Vivi Bistrot","isPartOf":{"@id":"https:\/\/www.vivi.it\/compra\/#website"},"primaryImageOfPage":{"@id":"https:\/\/www.vivi.it\/compra\/product\/san-valentino-navona\/#primaryimage"},"image":{"@id":"https:\/\/www.vivi.it\/compra\/product\/san-valentino-navona\/#primaryimage"},"thumbnailUrl":"https:\/\/www.vivi.it\/compra\/wp-content\/uploads\/2026\/01\/San-Valentino-copia-2-scaled.png","datePublished":"2026-01-27T16:50:55+00:00","dateModified":"2026-02-11T15:25:36+00:00","breadcrumb":{"@id":"https:\/\/www.vivi.it\/compra\/product\/san-valentino-navona\/#breadcrumb"},"inLanguage":"it-IT","potentialAction":[{"@type":"ReadAction","target":["https:\/\/www.vivi.it\/compra\/product\/san-valentino-navona\/"]}]},{"@type":"ImageObject","inLanguage":"it-IT","@id":"https:\/\/www.vivi.it\/compra\/product\/san-valentino-navona\/#primaryimage","url":"https:\/\/www.vivi.it\/compra\/wp-content\/uploads\/2026\/01\/San-Valentino-copia-2-scaled.png","contentUrl":"https:\/\/www.vivi.it\/compra\/wp-content\/uploads\/2026\/01\/San-Valentino-copia-2-scaled.png","width":1018,"height":1440},{"@type":"BreadcrumbList","@id":"https:\/\/www.vivi.it\/compra\/product\/san-valentino-navona\/#breadcrumb","itemListElement":[{"@type":"ListItem","position":1,"name":"Home","item":"https:\/\/www.vivi.it\/compra\/"},{"@type":"ListItem","position":2,"name":"Shopping","item":"https:\/\/www.vivi.it\/compra\/shopping\/"},{"@type":"ListItem","position":3,"name":"Cena di San Valentino da ViVi &#8211; Piazza Navona (per coppia)"}]},{"@type":"WebSite","@id":"https:\/\/www.vivi.it\/compra\/#website","url":"https:\/\/www.vivi.it\/compra\/","name":"Vivi Bistrot","description":"Bio Addicted","publisher":{"@id":"https:\/\/www.vivi.it\/compra\/#organization"},"potentialAction":[{"@type":"SearchAction","target":{"@type":"EntryPoint","urlTemplate":"https:\/\/www.vivi.it\/compra\/?s={search_term_string}"},"query-input":{"@type":"PropertyValueSpecification","valueRequired":true,"valueName":"search_term_string"}}],"inLanguage":"it-IT"},{"@type":"Organization","@id":"https:\/\/www.vivi.it\/compra\/#organization","name":"Vivi Bistrot","url":"https:\/\/www.vivi.it\/compra\/","logo":{"@type":"ImageObject","inLanguage":"it-IT","@id":"https:\/\/www.vivi.it\/compra\/#\/schema\/logo\/image\/","url":"https:\/\/www.vivi.it\/compra\/wp-content\/uploads\/2017\/01\/vivibistrot-logo-website.png","contentUrl":"https:\/\/www.vivi.it\/compra\/wp-content\/uploads\/2017\/01\/vivibistrot-logo-website.png","width":250,"height":216,"caption":"Vivi Bistrot"},"image":{"@id":"https:\/\/www.vivi.it\/compra\/#\/schema\/logo\/image\/"},"sameAs":["https:\/\/www.facebook.com\/vivibistrot\/","https:\/\/x.com\/vivibistrot","https:\/\/www.instagram.com\/vivibistrot\/","https:\/\/www.linkedin.com\/company\/vivibistrot?trk=ppro_cprof"]}]}},"_links":{"self":[{"href":"https:\/\/www.vivi.it\/compra\/wp-json\/wp\/v2\/product\/13234","targetHints":{"allow":["GET"]}}],"collection":[{"href":"https:\/\/www.vivi.it\/compra\/wp-json\/wp\/v2\/product"}],"about":[{"href":"https:\/\/www.vivi.it\/compra\/wp-json\/wp\/v2\/types\/product"}],"replies":[{"embeddable":true,"href":"https:\/\/www.vivi.it\/compra\/wp-json\/wp\/v2\/comments?post=13234"}],"wp:featuredmedia":[{"embeddable":true,"href":"https:\/\/www.vivi.it\/compra\/wp-json\/wp\/v2\/media\/13246"}],"wp:attachment":[{"href":"https:\/\/www.vivi.it\/compra\/wp-json\/wp\/v2\/media?parent=13234"}],"wp:term":[{"taxonomy":"product_brand","embeddable":true,"href":"https:\/\/www.vivi.it\/compra\/wp-json\/wp\/v2\/product_brand?post=13234"},{"taxonomy":"product_cat","embeddable":true,"href":"https:\/\/www.vivi.it\/compra\/wp-json\/wp\/v2\/product_cat?post=13234"},{"taxonomy":"product_tag","embeddable":true,"href":"https:\/\/www.vivi.it\/compra\/wp-json\/wp\/v2\/product_tag?post=13234"}],"curies":[{"name":"wp","href":"https:\/\/api.w.org\/{rel}","templated":true}]}}